{"id":631,"date":"2023-02-18T19:02:37","date_gmt":"2023-02-18T18:02:37","guid":{"rendered":"http:\/\/damat.hu\/?page_id=631"},"modified":"2023-05-10T13:21:48","modified_gmt":"2023-05-10T11:21:48","slug":"karbantartas","status":"publish","type":"page","link":"https:\/\/damat.hu\/en\/karbantartas\/","title":{"rendered":"Karbantart\u00e1s"},"content":{"rendered":"<div data-elementor-type=\"wp-page\" data-elementor-id=\"631\" class=\"elementor elementor-631\" data-elementor-post-type=\"page\">\n\t\t\t\t\t\t<section class=\"elementor-section elementor-top-section elementor-element elementor-element-382768e elementor-section-height-full elementor-section-boxed elementor-section-height-default elementor-section-items-middle\" data-id=\"382768e\" data-element_type=\"section\" data-e-type=\"section\">\n\t\t\t\t\t\t<div class=\"elementor-container elementor-column-gap-default\">\n\t\t\t\t\t<div class=\"elementor-column elementor-col-100 elementor-top-column elementor-element elementor-element-e1e8200\" data-id=\"e1e8200\" data-element_type=\"column\" data-e-type=\"column\">\n\t\t\t<div class=\"elementor-widget-wrap elementor-element-populated\">\n\t\t\t\t\t\t<div class=\"elementor-element elementor-element-50ba589 elementor-widget elementor-widget-hub_fancy_heading\" data-id=\"50ba589\" data-element_type=\"widget\" data-e-type=\"widget\" data-widget_type=\"hub_fancy_heading.default\">\n\t\t\t\t<div class=\"elementor-widget-container\">\n\t\t\t\t\t\n\t\t<div id=\"ld-fancy-heading-69f4d9a9bc6d7\" class=\"ld-fancy-heading pos-rel\">\n\t\t\t<h2 class=\"ld-fh-element d-inline-block pos-rel  elementor-heading-title lqd-highlight-classic lqd-highlight-grow-left h2\"  > Damat Lubs<\/h2>\t\t<\/div>\n\n\t\t\t\t\t\t<\/div>\n\t\t\t\t<\/div>\n\t\t\t\t<div class=\"elementor-element elementor-element-3762a36 elementor-widget elementor-widget-hub_fancy_heading\" data-id=\"3762a36\" data-element_type=\"widget\" data-e-type=\"widget\" data-widget_type=\"hub_fancy_heading.default\">\n\t\t\t\t<div class=\"elementor-widget-container\">\n\t\t\t\t\t\n\t\t<div id=\"ld-fancy-heading-69f4d9a9bcb63\" class=\"ld-fancy-heading pos-rel\">\n\t\t\t<p class=\"ld-fh-element d-inline-block pos-rel  lqd-highlight-classic lqd-highlight-grow-left p\"  > Kedves L\u00e1togat\u00f3, weblapunk jelenleg karbantart\u00e1s alatt \u00e1ll.<\/p>\t\t<\/div>\n\n\t\t\t\t\t\t<\/div>\n\t\t\t\t<\/div>\n\t\t\t\t<div class=\"elementor-element elementor-element-91417c8 elementor-widget elementor-widget-hub_fancy_heading\" data-id=\"91417c8\" data-element_type=\"widget\" data-e-type=\"widget\" data-widget_type=\"hub_fancy_heading.default\">\n\t\t\t\t<div class=\"elementor-widget-container\">\n\t\t\t\t\t\n\t\t<div id=\"ld-fancy-heading-69f4d9a9bcedb\" class=\"ld-fancy-heading pos-rel\">\n\t\t\t<p class=\"ld-fh-element d-inline-block pos-rel  lqd-highlight-classic lqd-highlight-grow-left p\"  > Amennyiben k\u00e9rd\u00e9se lenne koll\u00e9g\u00e1inkhoz, ig\u00e9nye mer\u00fclne fel szolg\u00e1ltat\u00e1saink ir\u00e1nt, az al\u00e1bbi el\u00e9rhet\u0151s\u00e9g\u00fcnk\u00f6n v\u00e1rjuk megkeres\u00e9s\u00e9t.<\/p>\t\t<\/div>\n\n\t\t\t\t\t\t<\/div>\n\t\t\t\t<\/div>\n\t\t\t\t<div class=\"elementor-element elementor-element-70d4b66 elementor-widget elementor-widget-hub_fancy_heading\" data-id=\"70d4b66\" data-element_type=\"widget\" data-e-type=\"widget\" data-widget_type=\"hub_fancy_heading.default\">\n\t\t\t\t<div class=\"elementor-widget-container\">\n\t\t\t\t\t\n\t\t<div id=\"ld-fancy-heading-69f4d9a9bd24f\" class=\"ld-fancy-heading pos-rel\">\n\t\t\t<h4 class=\"ld-fh-element d-inline-block pos-rel  elementor-heading-title lqd-highlight-classic lqd-highlight-grow-left h4\"  > <a href=\"mailto:info@damat.hu\">info@damat.hu<\/a><\/h4>\t\t<\/div>\n\n\t\t\t\t\t\t<\/div>\n\t\t\t\t<\/div>\n\t\t\t\t\t<\/div>\n\t\t<\/div>\n\t\t\t\t\t<\/div>\n\t\t<\/section>\n\t\t\t\t<\/div>","protected":false},"excerpt":{"rendered":"<p>Damat Lubs Kedves L\u00e1togat\u00f3, weblapunk jelenleg karbantart\u00e1s alatt \u00e1ll. Amennyiben k\u00e9rd\u00e9se lenne koll\u00e9g\u00e1inkhoz, ig\u00e9nye mer\u00fclne fel szolg\u00e1ltat\u00e1saink ir\u00e1nt, az al\u00e1bbi el\u00e9rhet\u0151s\u00e9g\u00fcnk\u00f6n v\u00e1rjuk megkeres\u00e9s\u00e9t. info@damat.hu<\/p>","protected":false},"author":1,"featured_media":0,"parent":0,"menu_order":0,"comment_status":"closed","ping_status":"closed","template":"elementor_canvas","meta":{"footnotes":""},"class_list":["post-631","page","type-page","status-publish","hentry"],"_links":{"self":[{"href":"https:\/\/damat.hu\/en\/wp-json\/wp\/v2\/pages\/631","targetHints":{"allow":["GET"]}}],"collection":[{"href":"https:\/\/damat.hu\/en\/wp-json\/wp\/v2\/pages"}],"about":[{"href":"https:\/\/damat.hu\/en\/wp-json\/wp\/v2\/types\/page"}],"author":[{"embeddable":true,"href":"https:\/\/damat.hu\/en\/wp-json\/wp\/v2\/users\/1"}],"replies":[{"embeddable":true,"href":"https:\/\/damat.hu\/en\/wp-json\/wp\/v2\/comments?post=631"}],"version-history":[{"count":11,"href":"https:\/\/damat.hu\/en\/wp-json\/wp\/v2\/pages\/631\/revisions"}],"predecessor-version":[{"id":1433,"href":"https:\/\/damat.hu\/en\/wp-json\/wp\/v2\/pages\/631\/revisions\/1433"}],"wp:attachment":[{"href":"https:\/\/damat.hu\/en\/wp-json\/wp\/v2\/media?parent=631"}],"curies":[{"name":"wp","href":"https:\/\/api.w.org\/{rel}","templated":true}]}}