{"id":1380,"date":"2023-04-25T17:35:00","date_gmt":"2023-04-25T15:35:00","guid":{"rendered":"http:\/\/damat.hu\/?page_id=1380"},"modified":"2023-04-26T13:54:37","modified_gmt":"2023-04-26T11:54:37","slug":"dokumentumok","status":"publish","type":"page","link":"http:\/\/damat.hu\/en\/dokumentumok\/","title":{"rendered":"Documents"},"content":{"rendered":"<div data-elementor-type=\"wp-page\" data-elementor-id=\"1380\" class=\"elementor elementor-1380\" data-elementor-post-type=\"page\">\n\t\t\t\t\t\t<section class=\"elementor-section elementor-top-section elementor-element elementor-element-6e1c6174 elementor-section-boxed elementor-section-height-default elementor-section-height-default\" data-id=\"6e1c6174\" data-element_type=\"section\" data-e-type=\"section\">\n\t\t\t\t\t\t<div class=\"elementor-container elementor-column-gap-default\">\n\t\t\t\t\t<div class=\"elementor-column elementor-col-100 elementor-top-column elementor-element elementor-element-1fe20cf0\" data-id=\"1fe20cf0\" data-element_type=\"column\" data-e-type=\"column\">\n\t\t\t<div class=\"elementor-widget-wrap elementor-element-populated\">\n\t\t\t\t\t\t<div class=\"elementor-element elementor-element-73ded2f3 elementor-widget elementor-widget-spacer\" data-id=\"73ded2f3\" data-element_type=\"widget\" data-e-type=\"widget\" data-widget_type=\"spacer.default\">\n\t\t\t\t<div class=\"elementor-widget-container\">\n\t\t\t\t\t\t\t<div class=\"elementor-spacer\">\n\t\t\t<div class=\"elementor-spacer-inner\"><\/div>\n\t\t<\/div>\n\t\t\t\t\t\t<\/div>\n\t\t\t\t<\/div>\n\t\t\t\t\t<\/div>\n\t\t<\/div>\n\t\t\t\t\t<\/div>\n\t\t<\/section>\n\t\t\t\t<section class=\"elementor-section elementor-top-section elementor-element elementor-element-66952ee6 elementor-section-boxed elementor-section-height-default elementor-section-height-default\" data-id=\"66952ee6\" data-element_type=\"section\" data-e-type=\"section\">\n\t\t\t\t\t\t<div class=\"elementor-container elementor-column-gap-default\">\n\t\t\t\t\t<div class=\"elementor-column elementor-col-100 elementor-top-column elementor-element elementor-element-3e07d400\" data-id=\"3e07d400\" data-element_type=\"column\" data-e-type=\"column\">\n\t\t\t<div class=\"elementor-widget-wrap elementor-element-populated\">\n\t\t\t\t\t\t<section class=\"elementor-section elementor-inner-section elementor-element elementor-element-33909860 elementor-section-full_width elementor-section-height-default elementor-section-height-default\" data-id=\"33909860\" data-element_type=\"section\" data-e-type=\"section\">\n\t\t\t\t\t\t<div class=\"elementor-container elementor-column-gap-default\">\n\t\t\t\t\t<div class=\"elementor-column elementor-col-100 elementor-inner-column elementor-element elementor-element-34fc8457\" data-id=\"34fc8457\" data-element_type=\"column\" data-e-type=\"column\">\n\t\t\t<div class=\"elementor-widget-wrap elementor-element-populated\">\n\t\t\t\t\t\t<div class=\"elementor-element elementor-element-4128a278 elementor-widget elementor-widget-hub_fancy_heading\" data-id=\"4128a278\" data-element_type=\"widget\" data-e-type=\"widget\" data-widget_type=\"hub_fancy_heading.default\">\n\t\t\t\t<div class=\"elementor-widget-container\">\n\t\t\t\t\t\n\t\t<div id=\"ld-fancy-heading-69e4fe26a8769\" class=\"ld-fancy-heading pos-rel\">\n\t\t\t<h2 class=\"ld-fh-element d-inline-block pos-rel  elementor-heading-title lqd-highlight-classic lqd-highlight-grow-left h2\"  > Documents<\/h2>\t\t<\/div>\n\n\t\t\t\t\t\t<\/div>\n\t\t\t\t<\/div>\n\t\t\t\t\t<\/div>\n\t\t<\/div>\n\t\t\t\t\t<\/div>\n\t\t<\/section>\n\t\t\t\t<div class=\"elementor-element elementor-element-659b4bd7 elementor-widget elementor-widget-spacer\" data-id=\"659b4bd7\" data-element_type=\"widget\" data-e-type=\"widget\" data-widget_type=\"spacer.default\">\n\t\t\t\t<div class=\"elementor-widget-container\">\n\t\t\t\t\t\t\t<div class=\"elementor-spacer\">\n\t\t\t<div class=\"elementor-spacer-inner\"><\/div>\n\t\t<\/div>\n\t\t\t\t\t\t<\/div>\n\t\t\t\t<\/div>\n\t\t\t\t<div class=\"elementor-element elementor-element-739378b elementor-align-left elementor-widget elementor-widget-ld_icon_box\" data-id=\"739378b\" data-element_type=\"widget\" data-e-type=\"widget\" data-widget_type=\"ld_icon_box.default\">\n\t\t\t\t<div class=\"elementor-widget-container\">\n\t\t\t\t\t\n\t\t\t<div id=\"ld_icon_box_739378b\" class=\"iconbox d-flex flex-grow-1 pos-rel iconbox-side iconbox-contents-show-onhover\"   data-slideelement-onhover=\"true\" data-slideelement-options='{ \"visibleElement\": \".iconbox-icon-wrap, p, h3\", \"hiddenElement\": \".btn\", \"alignMid\": true, \"triggerElement\": \".elementor-widget-container\" }'>\n\t\t\t\t\n\t\t\t\t\t\t\t\t\t<span class=\"iconbox-label d-inline-block pos-abs border-radius-circle font-weight-bold text-uppercase ltr-sp-1\">\u00daj<\/span>\t\t\t\t\t\n\t\t\t\t\n\t\t\t\t<div class=\"iconbox-icon-wrap\"><div class=\"iconbox-icon-container d-inline-flex\"><i aria-hidden=\"true\" class=\"fas fa-file-pdf\"><\/i><\/div><\/div>\t\t\t\t\n\t\t\t\t\t\t\t\t\n\t\t\t\t<div class=\"contents\">\t\t\t\t\n\t\t\t\t\t\t\t\t\n\t\t\t\t\t\t\t\t<p class=\"lqd-iconbox-content\">Vesz\u00e9lyes hullad\u00e9k enged\u00e9lyek<\/p>\n\t\t\t\t\t\t\t\t\n\t\t\t\t<\/div>\t\t\t\t\n\t\t\t\t<a href=\"http:\/\/damat.hu\/wp-content\/uploads\/2023\/04\/veszelyes_hulladek_engedelyek.pdf\" class=\"lqd-overlay z-index-2\" target=\"_blank&quot;\"><\/a>\n\t\t\t<\/div>\n\n\t\t\t\t\t\t<\/div>\n\t\t\t\t<\/div>\n\t\t\t\t<div class=\"elementor-element elementor-element-af407be elementor-align-left elementor-widget elementor-widget-ld_icon_box\" data-id=\"af407be\" data-element_type=\"widget\" data-e-type=\"widget\" data-widget_type=\"ld_icon_box.default\">\n\t\t\t\t<div class=\"elementor-widget-container\">\n\t\t\t\t\t\n\t\t\t<div id=\"ld_icon_box_af407be\" class=\"iconbox d-flex flex-grow-1 pos-rel iconbox-side iconbox-contents-show-onhover\"   data-slideelement-onhover=\"true\" data-slideelement-options='{ \"visibleElement\": \".iconbox-icon-wrap, p, h3\", \"hiddenElement\": \".btn\", \"alignMid\": true, \"triggerElement\": \".elementor-widget-container\" }'>\n\t\t\t\t\n\t\t\t\t\t\t\t\t\t<span class=\"iconbox-label d-inline-block pos-abs border-radius-circle font-weight-bold text-uppercase ltr-sp-1\">\u00daj<\/span>\t\t\t\t\t\n\t\t\t\t\n\t\t\t\t<div class=\"iconbox-icon-wrap\"><div class=\"iconbox-icon-container d-inline-flex\"><i aria-hidden=\"true\" class=\"fas fa-file-pdf\"><\/i><\/div><\/div>\t\t\t\t\n\t\t\t\t\t\t\t\t\n\t\t\t\t<div class=\"contents\">\t\t\t\t\n\t\t\t\t\t\t\t\t\n\t\t\t\t\t\t\t\t<p class=\"lqd-iconbox-content\">Vesz\u00e9lyes hullad\u00e9k tan\u00fas\u00edtv\u00e1ny<\/p>\n\t\t\t\t\t\t\t\t\n\t\t\t\t<\/div>\t\t\t\t\n\t\t\t\t<a href=\"http:\/\/damat.hu\/wp-content\/uploads\/2023\/04\/veszelyes_hulladek_tanusitvany.pdf\" class=\"lqd-overlay z-index-2\" target=\"_blank&quot;\"><\/a>\n\t\t\t<\/div>\n\n\t\t\t\t\t\t<\/div>\n\t\t\t\t<\/div>\n\t\t\t\t\t<\/div>\n\t\t<\/div>\n\t\t\t\t\t<\/div>\n\t\t<\/section>\n\t\t\t\t<\/div>","protected":false},"excerpt":{"rendered":"<p>Dokumentumok \u00daj Vesz\u00e9lyes hullad\u00e9k enged\u00e9lyek \u00daj Vesz\u00e9lyes hullad\u00e9k tan\u00fas\u00edtv\u00e1ny<\/p>","protected":false},"author":1,"featured_media":0,"parent":0,"menu_order":0,"comment_status":"closed","ping_status":"closed","template":"","meta":{"footnotes":""},"class_list":["post-1380","page","type-page","status-publish","hentry"],"_links":{"self":[{"href":"http:\/\/damat.hu\/en\/wp-json\/wp\/v2\/pages\/1380","targetHints":{"allow":["GET"]}}],"collection":[{"href":"http:\/\/damat.hu\/en\/wp-json\/wp\/v2\/pages"}],"about":[{"href":"http:\/\/damat.hu\/en\/wp-json\/wp\/v2\/types\/page"}],"author":[{"embeddable":true,"href":"http:\/\/damat.hu\/en\/wp-json\/wp\/v2\/users\/1"}],"replies":[{"embeddable":true,"href":"http:\/\/damat.hu\/en\/wp-json\/wp\/v2\/comments?post=1380"}],"version-history":[{"count":19,"href":"http:\/\/damat.hu\/en\/wp-json\/wp\/v2\/pages\/1380\/revisions"}],"predecessor-version":[{"id":1426,"href":"http:\/\/damat.hu\/en\/wp-json\/wp\/v2\/pages\/1380\/revisions\/1426"}],"wp:attachment":[{"href":"http:\/\/damat.hu\/en\/wp-json\/wp\/v2\/media?parent=1380"}],"curies":[{"name":"wp","href":"https:\/\/api.w.org\/{rel}","templated":true}]}}