{"id":1042,"date":"2023-04-02T10:28:37","date_gmt":"2023-04-02T08:28:37","guid":{"rendered":"http:\/\/damat.hu\/?page_id=1042"},"modified":"2023-05-31T18:20:50","modified_gmt":"2023-05-31T16:20:50","slug":"antiwear-22","status":"publish","type":"page","link":"http:\/\/damat.hu\/en\/termekeink\/antiwear-22\/","title":{"rendered":"ANTIWEAR 22"},"content":{"rendered":"\t\t<div data-elementor-type=\"wp-page\" data-elementor-id=\"1042\" class=\"elementor elementor-1042\" data-elementor-post-type=\"page\">\n\t\t\t\t\t\t<section class=\"elementor-section elementor-top-section elementor-element elementor-element-5b2f18c9 elementor-section-boxed elementor-section-height-default elementor-section-height-default\" data-id=\"5b2f18c9\" data-element_type=\"section\" data-e-type=\"section\">\n\t\t\t\t\t\t<div class=\"elementor-container elementor-column-gap-default\">\n\t\t\t\t\t<div class=\"elementor-column elementor-col-100 elementor-top-column elementor-element elementor-element-18d79ad1\" data-id=\"18d79ad1\" data-element_type=\"column\" data-e-type=\"column\">\n\t\t\t<div class=\"elementor-widget-wrap elementor-element-populated\">\n\t\t\t\t\t\t<div class=\"elementor-element elementor-element-529ee656 elementor-widget elementor-widget-spacer\" data-id=\"529ee656\" data-element_type=\"widget\" data-e-type=\"widget\" data-widget_type=\"spacer.default\">\n\t\t\t\t<div class=\"elementor-widget-container\">\n\t\t\t\t\t\t\t<div class=\"elementor-spacer\">\n\t\t\t<div class=\"elementor-spacer-inner\"><\/div>\n\t\t<\/div>\n\t\t\t\t\t\t<\/div>\n\t\t\t\t<\/div>\n\t\t\t\t\t<\/div>\n\t\t<\/div>\n\t\t\t\t\t<\/div>\n\t\t<\/section>\n\t\t\t\t<section class=\"elementor-section elementor-top-section elementor-element elementor-element-69b01758 elementor-reverse-tablet elementor-reverse-mobile elementor-section-boxed elementor-section-height-default elementor-section-height-default\" data-id=\"69b01758\" data-element_type=\"section\" data-e-type=\"section\">\n\t\t\t\t\t\t<div class=\"elementor-container elementor-column-gap-default\">\n\t\t\t\t\t<div class=\"lqd-css-sticky-column elementor-column elementor-col-50 elementor-top-column elementor-element elementor-element-4d609ad3\" style=\"--lqd-sticky-offset:30px\" data-id=\"4d609ad3\" data-element_type=\"column\" data-e-type=\"column\">\n\t\t\t<div class=\"elementor-widget-wrap elementor-element-populated\">\n\t\t\t\t\t\t<div class=\"elementor-element elementor-element-30fb718e elementor-widget elementor-widget-ld_custom_menu\" data-id=\"30fb718e\" data-element_type=\"widget\" data-e-type=\"widget\" data-widget_type=\"ld_custom_menu.default\">\n\t\t\t\t<div class=\"elementor-widget-container\">\n\t\t\t\t\t\n\t\t\t<div  \n\t\t\t\tclass=\"lqd-fancy-menu lqd-custom-menu pos-rel menu-items-has-fill lqd-menu-td-none\"\n\t\t\t\t\t\t\t>\n\t\t\t\n\t\t\t\t\t\t\t<ul class=\"reset-ul\" id=\"30fb718e\"  data-localscroll=\"true\" data-localscroll-options=\"{&quot;itemsSelector&quot;:&quot;&gt; li &gt; a&quot;,&quot;trackWindowScroll&quot;:true,&quot;includeParentAsOffset&quot;:false,&quot;offsetElements&quot;:&quot;[data-sticky-header] .lqd-head-sec-wrap:not(.lqd-hide-onstuck), #wpadminbar, body.elementor-page .main-header[data-sticky-header] &gt; .elementor &gt; .elementor-section:not(.lqd-hide-onstuck):not(.lqd-stickybar-wrap)&quot;}\">\n\t\t\t\t\n\t\t\t\t\t\t<li>\n\t\t\t\t\t\t\t<a  href=\"#altalanos-jellemzok\" > \n\n\t\t\t\t\t\t\t\t\t\t\t\t\t\t\t\t\t<span class=\"link-icon d-inline-flex hide-if-empty align-items-center right-icon icon-push-to-edge\"><i aria-hidden=\"true\" class=\"lqd-icn-ess icon-ion-ios-arrow-forward\"><\/i><\/span>\t\n\t\t\t\t\t\t\t\t\n\t\t\t\t\t\t\t\t\t\t\t\t\t\t\t\t\t\u00c1ltal\u00e1nos jellemz\u0151k  \n\t\t\t\t\t\t\t\t\t\t\t\t\t\t\t\t\t\t\t\t\t\t\t<\/a>\n\t\t\t\t\t\t\t\t\t\t\t\t\t<\/li>\n\n\t\t\t\t\t\t\n\t\t\t\t\t\t<li>\n\t\t\t\t\t\t\t<a  href=\"#alkalmazasi-teruletek\" > \n\n\t\t\t\t\t\t\t\t\t\t\t\t\t\t\t\t\t<span class=\"link-icon d-inline-flex hide-if-empty align-items-center right-icon icon-push-to-edge\"><i aria-hidden=\"true\" class=\"lqd-icn-ess icon-ion-ios-arrow-forward\"><\/i><\/span>\t\n\t\t\t\t\t\t\t\t\n\t\t\t\t\t\t\t\t\t\t\t\t\t\t\t\t\tAlkalmaz\u00e1si ter\u00fcletek  \n\t\t\t\t\t\t\t\t\t\t\t\t\t\t\t\t\t\t\t\t\t\t\t<\/a>\n\t\t\t\t\t\t\t\t\t\t\t\t\t<\/li>\n\n\t\t\t\t\t\t\t\t\t\t<\/ul>\n\t\t\t\t\t\t<\/div>\n\t\t\t\t\t\t<\/div>\n\t\t\t\t<\/div>\n\t\t\t\t<section class=\"elementor-section elementor-inner-section elementor-element elementor-element-24808dd0 elementor-section-boxed elementor-section-height-default elementor-section-height-default\" data-id=\"24808dd0\" data-element_type=\"section\" data-e-type=\"section\">\n\t\t\t\t\t\t<div class=\"elementor-container elementor-column-gap-default\">\n\t\t\t\t\t<div class=\"elementor-column elementor-col-100 elementor-inner-column elementor-element elementor-element-21b86b3d\" data-id=\"21b86b3d\" data-element_type=\"column\" data-e-type=\"column\" data-settings=\"{&quot;background_background&quot;:&quot;classic&quot;}\">\n\t\t\t<div class=\"elementor-widget-wrap elementor-element-populated\">\n\t\t\t\t\t\t<div class=\"elementor-element elementor-element-5d978033 elementor-widget elementor-widget-hub_fancy_heading\" data-id=\"5d978033\" data-element_type=\"widget\" data-e-type=\"widget\" data-widget_type=\"hub_fancy_heading.default\">\n\t\t\t\t<div class=\"elementor-widget-container\">\n\t\t\t\t\t\n\t\t<div id=\"ld-fancy-heading-69d70b8c3e9e5\" class=\"ld-fancy-heading pos-rel\">\n\t\t\t<h3 class=\"ld-fh-element d-inline-block pos-rel  elementor-heading-title lqd-highlight-classic lqd-highlight-grow-left h3\"  > K\u00e9rd\u00e9se van?<\/h3>\t\t<\/div>\n\n\t\t\t\t\t\t<\/div>\n\t\t\t\t<\/div>\n\t\t\t\t<div class=\"elementor-element elementor-element-27015c4a elementor-widget elementor-widget-ld_cf722\" data-id=\"27015c4a\" data-element_type=\"widget\" data-e-type=\"widget\" data-widget_type=\"ld_cf722.default\">\n\t\t\t\t<div class=\"elementor-widget-container\">\n\t\t\t\t\t\n\t<div class=\"lqd-contact-form lqd-contact-form-inputs-filled lqd-contact-form-inputs-round lqd-contact-form-button-block\" >\n\t\t\n<div class=\"wpcf7 no-js\" id=\"wpcf7-f357-o1\" lang=\"en-US\" dir=\"ltr\" data-wpcf7-id=\"357\">\n<div class=\"screen-reader-response\"><p role=\"status\" aria-live=\"polite\" aria-atomic=\"true\"><\/p> <ul><\/ul><\/div>\n<form action=\"\/en\/wp-json\/wp\/v2\/pages\/1042#wpcf7-f357-o1\" method=\"post\" class=\"wpcf7-form init\" aria-label=\"Contact form\" novalidate=\"novalidate\" data-status=\"init\">\n<fieldset class=\"hidden-fields-container\"><input type=\"hidden\" name=\"_wpcf7\" value=\"357\" \/><input type=\"hidden\" name=\"_wpcf7_version\" value=\"6.1.5\" \/><input type=\"hidden\" name=\"_wpcf7_locale\" value=\"en_US\" \/><input type=\"hidden\" name=\"_wpcf7_unit_tag\" value=\"wpcf7-f357-o1\" \/><input type=\"hidden\" name=\"_wpcf7_container_post\" value=\"0\" \/><input type=\"hidden\" name=\"_wpcf7_posted_data_hash\" value=\"\" \/>\n<\/fieldset>\n<p><span class=\"wpcf7-form-control-wrap\" data-name=\"your-name\"><input size=\"40\" maxlength=\"400\" class=\"wpcf7-form-control wpcf7-text wpcf7-validates-as-required\" aria-required=\"true\" aria-invalid=\"false\" placeholder=\"N\u00e9v\" value=\"\" type=\"text\" name=\"your-name\" \/><\/span><span class=\"wpcf7-form-control-wrap\" data-name=\"your-email\"><input size=\"40\" maxlength=\"400\" class=\"wpcf7-form-control wpcf7-email wpcf7-validates-as-required wpcf7-text wpcf7-validates-as-email\" aria-required=\"true\" aria-invalid=\"false\" placeholder=\"E-mail\" value=\"\" type=\"email\" name=\"your-email\" \/><\/span><span class=\"wpcf7-form-control-wrap\" data-name=\"your-message\"><textarea cols=\"10\" rows=\"4\" maxlength=\"2000\" class=\"wpcf7-form-control wpcf7-textarea wpcf7-validates-as-required\" aria-required=\"true\" aria-invalid=\"false\" placeholder=\"\u00dczenet\" name=\"your-message\"><\/textarea><\/span><input class=\"wpcf7-form-control wpcf7-submit has-spinner\" type=\"submit\" value=\"K\u00fcld\u00e9s\" \/>\n<\/p><div class=\"wpcf7-response-output\" aria-hidden=\"true\"><\/div>\n<\/form>\n<\/div>\n\t<\/div>\n\n\t\t\t\t\t<\/div>\n\t\t\t\t<\/div>\n\t\t\t\t\t<\/div>\n\t\t<\/div>\n\t\t\t\t\t<\/div>\n\t\t<\/section>\n\t\t\t\t<div class=\"elementor-element elementor-element-52bdc1b5 elementor-align-left elementor-widget elementor-widget-ld_icon_box\" data-id=\"52bdc1b5\" data-element_type=\"widget\" data-e-type=\"widget\" data-widget_type=\"ld_icon_box.default\">\n\t\t\t\t<div class=\"elementor-widget-container\">\n\t\t\t\t\t\n\t\t\t<div id=\"ld_icon_box_52bdc1b5\" class=\"iconbox d-flex flex-grow-1 pos-rel align-items-center iconbox-side iconbox-icon-shaped iconbox-circle\"   >\n\t\t\t\t\n\t\t\t\t\t\n\t\t\t\t\n\t\t\t\t<div class=\"iconbox-icon-wrap  \"><div class=\"iconbox-icon-container d-inline-flex pos-rel z-index-1 border-radius-circle\"><i aria-hidden=\"true\" class=\"fas fa-phone-alt\"><\/i><\/div><\/div>\t\t\t\t\n\t\t\t\t\t\t\t\t\n\t\t\t\t<div class=\"contents \">\t\t\t\t\n\t\t\t\t\t\t\t\t\n\t\t\t\t<h3 class=\"lqd-iconbox-heading\" >K\u00f6zponti telefonsz\u00e1m: <\/h3>\t\t\t\t<p class=\"lqd-iconbox-content\"><span style=\"font-size: 20px;color: #292929\">+36 36 416 616<\/span><\/p>\n\t\t\t\t\t\t\t\t\n\t\t\t\t<\/div>\t\t\t\t\n\t\t\t\t\n\t\t\t<\/div>\n\n\t\t\t\t\t\t<\/div>\n\t\t\t\t<\/div>\n\t\t\t\t\t<\/div>\n\t\t<\/div>\n\t\t\t\t<div class=\"elementor-column elementor-col-50 elementor-top-column elementor-element elementor-element-589ccf27\" data-id=\"589ccf27\" data-element_type=\"column\" data-e-type=\"column\">\n\t\t\t<div class=\"elementor-widget-wrap elementor-element-populated\">\n\t\t\t\t\t\t<div class=\"elementor-element elementor-element-6e40de54 elementor-widget elementor-widget-ld_content_box\" data-id=\"6e40de54\" data-element_type=\"widget\" data-e-type=\"widget\" data-widget_type=\"ld_content_box.default\">\n\t\t\t\t<div class=\"elementor-widget-container\">\n\t\t\t\t\t \n\n\t\t<div class=\"lqd-fb pos-rel lqd-fb-style-1 lqd-fb-style-1-3 lqd-fb-content-overlay lqd-fb-zoom-img-onhover transform-style-3d perspective h-pt-60\"  data-inview=\"true\"  data-hover3d=\"true\" >\n\t\t\t\t\t<div class=\"lqd-fb-inner lqd-overlay transform-style-3d\" data-stacking-factor=\"1.15\">\n\n\t\t\t\t<div class=\"lqd-fb-img lqd-overlay border-radius-4 overflow-hidden\">\n\n\t\t\t\t\t<figure class=\"w-100 h-100\">\n\t\t\t\t\t\t<img decoding=\"async\" class=\"w-100 h-100 objfit-cover objpos-center\" src=\"http:\/\/damat.hu\/wp-content\/uploads\/2023\/03\/testv4.png\">\t\t\t\t\t\t<div class=\"lqd-fb-bg lqd-overlay\"><\/div>\n\t\t\t\t\t\t<div class=\"lqd-fb-hover-overlay lqd-overlay\"><\/div>\n\t\t\t\t\t<\/figure>\n\n\t\t\t\t<\/div>\n\n\t\t\t\t<div class=\"lqd-fb-content lqd-overlay d-flex align-items-end border-radius-4 overflow-hidden\">\n\t\t\t\t\t<div class=\"lqd-fb-content-inner d-flex flex-column justify-content-between pos-rel h-100 w-100 p-4\">\n\t\t\t\t\t\t\n\t\t\t\t\t\t\t\t\t\t\t\t<div class=\"lqd-fb-content-top\">\n\t\t\t\t\t\t\t<h6 class=\"mt-0 mb-0\">Hangsterfer&#039;s<\/h6>\n\t\t\t\t\t\t<\/div>\n\t\t\t\t\t\t\t\t\t\t\t\t\n\t\t\t\t\t\t<div class=\"lqd-fb-content-bottom\">\n\t\t\t\t\t\t\t\n\t\t\t\t\t\t\t\t\t\t\t\t\t\t<h2 class=\"mt-0 mb-2\">ANTIWEAR 22<\/h2>\n\t\t\t\t\t\t\t\t\t\t\t\t\t\t\n\t\t\t\t\t\t\t\n\t\t\t\t\t\t\t\t\t\t\t\t\t\t<p class=\"mt-0 mb-3\">Cirkul\u00e1ci\u00f3s olaj<\/p>\n\t\t\t\t\t\t\t\n\t\t\t\t\t\t\t\n\t\t\t\t\t\t<\/div>\n\n\t\t\t\t\t\t\t\t\t\t\t\t\n\t\t\t\t\t<\/div>\n\t\t\t\t<\/div>\n\n\t\t\t\t<\/div>\n\t\t\t \n\t\t<\/div>\n\t\t\t\t\t\t<\/div>\n\t\t\t\t<\/div>\n\t\t\t\t<div class=\"elementor-element elementor-element-5a438bd7 elementor-widget elementor-widget-menu-anchor\" data-id=\"5a438bd7\" data-element_type=\"widget\" data-e-type=\"widget\" data-widget_type=\"menu-anchor.default\">\n\t\t\t\t<div class=\"elementor-widget-container\">\n\t\t\t\t\t\t\t<div class=\"elementor-menu-anchor\" id=\"altalanos-jellemzok\"><\/div>\n\t\t\t\t\t\t<\/div>\n\t\t\t\t<\/div>\n\t\t\t\t<div class=\"elementor-element elementor-element-63eb75a2 elementor-widget elementor-widget-hub_fancy_heading\" data-id=\"63eb75a2\" data-element_type=\"widget\" data-e-type=\"widget\" data-widget_type=\"hub_fancy_heading.default\">\n\t\t\t\t<div class=\"elementor-widget-container\">\n\t\t\t\t\t\n\t\t<div id=\"ld-fancy-heading-69d70b8c44536\" class=\"ld-fancy-heading pos-rel\">\n\t\t\t<h3 class=\"ld-fh-element d-inline-block pos-rel  elementor-heading-title lqd-highlight-classic lqd-highlight-grow-left h3\"  > \u00c1ltal\u00e1nos jellemz\u0151k<\/h3>\t\t<\/div>\n\n\t\t\t\t\t\t<\/div>\n\t\t\t\t<\/div>\n\t\t\t\t<div class=\"elementor-element elementor-element-3a775253 elementor-widget elementor-widget-hub_fancy_heading\" data-id=\"3a775253\" data-element_type=\"widget\" data-e-type=\"widget\" data-widget_type=\"hub_fancy_heading.default\">\n\t\t\t\t<div class=\"elementor-widget-container\">\n\t\t\t\t\t\n\t\t<div id=\"ld-fancy-heading-69d70b8c448c3\" class=\"ld-fancy-heading pos-rel\">\n\t\t\t<p class=\"ld-fh-element d-inline-block pos-rel  lqd-highlight-classic lqd-highlight-grow-left p\"  > A Hangsterfer Antiwear olajai k\u00e9tfunkci\u00f3s g\u00e9pi ken\u0151anyagok, amelyeket mind hidraulikus, mind ors\u00f3 ken\u00e9sre fejlesztettek ki, \u00edgy nincs sz\u00fcks\u00e9g a hidraulikus \u00e9s az ors\u00f3olajok haszn\u00e1lat\u00e1ra. Az Antiwear sorozat els\u0151dleges el\u0151nye, hogy nem emulge- \u00e1lnak v\u00edzben, \u00e9s ennek k\u00f6vetkezt\u00e9ben a h\u0171t\u0151folyad\u00e9kb\u00f3l gyorsabban elt\u00e1voznak, mint az alacsonyabb min\u0151s\u00e9g\u0171 term\u00e9kek. A gyorsabb hat\u00e1s a trampolaj k\u00f6nnyebb elt\u00e1vol\u00edt\u00e1s\u00e1t jelenti a h\u0171t\u0151k\u00f6zegb\u0151l: dekant\u00e1l\u00e1ssal, zsugor\u00edt\u00e1ssal, sz\u0171r\u00e9ssel \u00e9s centrifu- g\u00e1l\u00e1ssal.<\/p>\t\t<\/div>\n\n\t\t\t\t\t\t<\/div>\n\t\t\t\t<\/div>\n\t\t\t\t<div class=\"elementor-element elementor-element-1961189f elementor-widget-divider--view-line elementor-widget elementor-widget-divider\" data-id=\"1961189f\" data-element_type=\"widget\" data-e-type=\"widget\" data-widget_type=\"divider.default\">\n\t\t\t\t<div class=\"elementor-widget-container\">\n\t\t\t\t\t\t\t<div class=\"elementor-divider\">\n\t\t\t<span class=\"elementor-divider-separator\">\n\t\t\t\t\t\t<\/span>\n\t\t<\/div>\n\t\t\t\t\t\t<\/div>\n\t\t\t\t<\/div>\n\t\t\t\t<div class=\"elementor-element elementor-element-38c0f259 elementor-widget elementor-widget-menu-anchor\" data-id=\"38c0f259\" data-element_type=\"widget\" data-e-type=\"widget\" data-widget_type=\"menu-anchor.default\">\n\t\t\t\t<div class=\"elementor-widget-container\">\n\t\t\t\t\t\t\t<div class=\"elementor-menu-anchor\" id=\"alkalmazasi-teruletek\"><\/div>\n\t\t\t\t\t\t<\/div>\n\t\t\t\t<\/div>\n\t\t\t\t<div class=\"elementor-element elementor-element-1af69511 elementor-widget elementor-widget-hub_fancy_heading\" data-id=\"1af69511\" data-element_type=\"widget\" data-e-type=\"widget\" data-widget_type=\"hub_fancy_heading.default\">\n\t\t\t\t<div class=\"elementor-widget-container\">\n\t\t\t\t\t\n\t\t<div id=\"ld-fancy-heading-69d70b8c44c31\" class=\"ld-fancy-heading pos-rel\">\n\t\t\t<h3 class=\"ld-fh-element d-inline-block pos-rel  elementor-heading-title lqd-highlight-classic lqd-highlight-grow-left h3\"  > Alkalmaz\u00e1si ter\u00fcletek<\/h3>\t\t<\/div>\n\n\t\t\t\t\t\t<\/div>\n\t\t\t\t<\/div>\n\t\t\t\t<section class=\"elementor-section elementor-inner-section elementor-element elementor-element-2ed4173b elementor-section-boxed elementor-section-height-default elementor-section-height-default\" data-id=\"2ed4173b\" data-element_type=\"section\" data-e-type=\"section\">\n\t\t\t\t\t\t<div class=\"elementor-container elementor-column-gap-default\">\n\t\t\t\t\t<div class=\"elementor-column elementor-col-50 elementor-inner-column elementor-element elementor-element-504c2763\" data-id=\"504c2763\" data-element_type=\"column\" data-e-type=\"column\">\n\t\t\t<div class=\"elementor-widget-wrap elementor-element-populated\">\n\t\t\t\t\t\t<div class=\"elementor-element elementor-element-3444f7a elementor-widget elementor-widget-hub_fancy_heading\" data-id=\"3444f7a\" data-element_type=\"widget\" data-e-type=\"widget\" data-widget_type=\"hub_fancy_heading.default\">\n\t\t\t\t<div class=\"elementor-widget-container\">\n\t\t\t\t\t\n\t\t<div id=\"ld-fancy-heading-69d70b8c44f99\" class=\"ld-fancy-heading pos-rel\">\n\t\t\t<h6 class=\"ld-fh-element d-inline-block pos-rel  elementor-heading-title lqd-highlight-classic lqd-highlight-grow-left h6\"  > Els\u0151dleges<\/h6>\t\t<\/div>\n\n\t\t\t\t\t\t<\/div>\n\t\t\t\t<\/div>\n\t\t\t\t<div class=\"elementor-element elementor-element-3720fb0 elementor-widget elementor-widget-spacer\" data-id=\"3720fb0\" data-element_type=\"widget\" data-e-type=\"widget\" data-widget_type=\"spacer.default\">\n\t\t\t\t<div class=\"elementor-widget-container\">\n\t\t\t\t\t\t\t<div class=\"elementor-spacer\">\n\t\t\t<div class=\"elementor-spacer-inner\"><\/div>\n\t\t<\/div>\n\t\t\t\t\t\t<\/div>\n\t\t\t\t<\/div>\n\t\t\t\t<div class=\"elementor-element elementor-element-170bf633 elementor-widget elementor-widget-hub_fancy_heading\" data-id=\"170bf633\" data-element_type=\"widget\" data-e-type=\"widget\" data-widget_type=\"hub_fancy_heading.default\">\n\t\t\t\t<div class=\"elementor-widget-container\">\n\t\t\t\t\t\n\t\t<div id=\"ld-fancy-heading-69d70b8c4531d\" class=\"ld-fancy-heading pos-rel\">\n\t\t\t<p class=\"ld-fh-element d-inline-block pos-rel  lqd-highlight-classic lqd-highlight-grow-left p\"  > Automatikus adagol\u00f3<\/p>\t\t<\/div>\n\n\t\t\t\t\t\t<\/div>\n\t\t\t\t<\/div>\n\t\t\t\t<div class=\"elementor-element elementor-element-451cfe7 elementor-widget elementor-widget-hub_fancy_heading\" data-id=\"451cfe7\" data-element_type=\"widget\" data-e-type=\"widget\" data-widget_type=\"hub_fancy_heading.default\">\n\t\t\t\t<div class=\"elementor-widget-container\">\n\t\t\t\t\t\n\t\t<div id=\"ld-fancy-heading-69d70b8c45692\" class=\"ld-fancy-heading pos-rel\">\n\t\t\t<p class=\"ld-fh-element d-inline-block pos-rel  lqd-highlight-classic lqd-highlight-grow-left p\"  > Hidraulikus g\u00e9pek<\/p>\t\t<\/div>\n\n\t\t\t\t\t\t<\/div>\n\t\t\t\t<\/div>\n\t\t\t\t<div class=\"elementor-element elementor-element-4bd4ef8e elementor-widget elementor-widget-hub_fancy_heading\" data-id=\"4bd4ef8e\" data-element_type=\"widget\" data-e-type=\"widget\" data-widget_type=\"hub_fancy_heading.default\">\n\t\t\t\t<div class=\"elementor-widget-container\">\n\t\t\t\t\t\n\t\t<div id=\"ld-fancy-heading-69d70b8c459fa\" class=\"ld-fancy-heading pos-rel\">\n\t\t\t<p class=\"ld-fh-element d-inline-block pos-rel  lqd-highlight-classic lqd-highlight-grow-left p\"  > Hidrosztatikus ter\u00fcletek<\/p>\t\t<\/div>\n\n\t\t\t\t\t\t<\/div>\n\t\t\t\t<\/div>\n\t\t\t\t<div class=\"elementor-element elementor-element-6e883374 elementor-widget elementor-widget-hub_fancy_heading\" data-id=\"6e883374\" data-element_type=\"widget\" data-e-type=\"widget\" data-widget_type=\"hub_fancy_heading.default\">\n\t\t\t\t<div class=\"elementor-widget-container\">\n\t\t\t\t\t\n\t\t<div id=\"ld-fancy-heading-69d70b8c45d4f\" class=\"ld-fancy-heading pos-rel\">\n\t\t\t<p class=\"ld-fh-element d-inline-block pos-rel  lqd-highlight-classic lqd-highlight-grow-left p\"  > Ors\u00f3 ken\u00e9se<\/p>\t\t<\/div>\n\n\t\t\t\t\t\t<\/div>\n\t\t\t\t<\/div>\n\t\t\t\t\t<\/div>\n\t\t<\/div>\n\t\t\t\t<div class=\"elementor-column elementor-col-50 elementor-inner-column elementor-element elementor-element-16445692\" data-id=\"16445692\" data-element_type=\"column\" data-e-type=\"column\">\n\t\t\t<div class=\"elementor-widget-wrap elementor-element-populated\">\n\t\t\t\t\t\t<div class=\"elementor-element elementor-element-674a0a74 elementor-widget elementor-widget-hub_fancy_heading\" data-id=\"674a0a74\" data-element_type=\"widget\" data-e-type=\"widget\" data-widget_type=\"hub_fancy_heading.default\">\n\t\t\t\t<div class=\"elementor-widget-container\">\n\t\t\t\t\t\n\t\t<div id=\"ld-fancy-heading-69d70b8c460b5\" class=\"ld-fancy-heading pos-rel\">\n\t\t\t<h6 class=\"ld-fh-element d-inline-block pos-rel  elementor-heading-title lqd-highlight-classic lqd-highlight-grow-left h6\"  > M\u00e1sodlagos<\/h6>\t\t<\/div>\n\n\t\t\t\t\t\t<\/div>\n\t\t\t\t<\/div>\n\t\t\t\t<div class=\"elementor-element elementor-element-21c56034 elementor-widget elementor-widget-spacer\" data-id=\"21c56034\" data-element_type=\"widget\" data-e-type=\"widget\" data-widget_type=\"spacer.default\">\n\t\t\t\t<div class=\"elementor-widget-container\">\n\t\t\t\t\t\t\t<div class=\"elementor-spacer\">\n\t\t\t<div class=\"elementor-spacer-inner\"><\/div>\n\t\t<\/div>\n\t\t\t\t\t\t<\/div>\n\t\t\t\t<\/div>\n\t\t\t\t<div class=\"elementor-element elementor-element-6be569ce elementor-widget elementor-widget-hub_fancy_heading\" data-id=\"6be569ce\" data-element_type=\"widget\" data-e-type=\"widget\" data-widget_type=\"hub_fancy_heading.default\">\n\t\t\t\t<div class=\"elementor-widget-container\">\n\t\t\t\t\t\n\t\t<div id=\"ld-fancy-heading-69d70b8c4645a\" class=\"ld-fancy-heading pos-rel\">\n\t\t\t<p class=\"ld-fh-element d-inline-block pos-rel  lqd-highlight-classic lqd-highlight-grow-left p\"  > Rozsdamentes film<\/p>\t\t<\/div>\n\n\t\t\t\t\t\t<\/div>\n\t\t\t\t<\/div>\n\t\t\t\t<div class=\"elementor-element elementor-element-36c36b2e elementor-widget elementor-widget-hub_fancy_heading\" data-id=\"36c36b2e\" data-element_type=\"widget\" data-e-type=\"widget\" data-widget_type=\"hub_fancy_heading.default\">\n\t\t\t\t<div class=\"elementor-widget-container\">\n\t\t\t\t\t\n\t\t<div id=\"ld-fancy-heading-69d70b8c467b0\" class=\"ld-fancy-heading pos-rel\">\n\t\t\t<p class=\"ld-fh-element d-inline-block pos-rel  lqd-highlight-classic lqd-highlight-grow-left p\"  > R\u00e9szken\u00e9s<\/p>\t\t<\/div>\n\n\t\t\t\t\t\t<\/div>\n\t\t\t\t<\/div>\n\t\t\t\t<div class=\"elementor-element elementor-element-7ff4edc6 elementor-widget elementor-widget-hub_fancy_heading\" data-id=\"7ff4edc6\" data-element_type=\"widget\" data-e-type=\"widget\" data-widget_type=\"hub_fancy_heading.default\">\n\t\t\t\t<div class=\"elementor-widget-container\">\n\t\t\t\t\t\n\t\t<div id=\"ld-fancy-heading-69d70b8c46b0c\" class=\"ld-fancy-heading pos-rel\">\n\t\t\t<p class=\"ld-fh-element d-inline-block pos-rel  lqd-highlight-classic lqd-highlight-grow-left p\"  > T\u00e1vol\u00edtsa el a nedvess\u00e9get<\/p>\t\t<\/div>\n\n\t\t\t\t\t\t<\/div>\n\t\t\t\t<\/div>\n\t\t\t\t\t<\/div>\n\t\t<\/div>\n\t\t\t\t\t<\/div>\n\t\t<\/section>\n\t\t\t\t<div class=\"elementor-element elementor-element-407b2104 elementor-widget-divider--view-line elementor-widget elementor-widget-divider\" data-id=\"407b2104\" data-element_type=\"widget\" data-e-type=\"widget\" data-widget_type=\"divider.default\">\n\t\t\t\t<div class=\"elementor-widget-container\">\n\t\t\t\t\t\t\t<div class=\"elementor-divider\">\n\t\t\t<span class=\"elementor-divider-separator\">\n\t\t\t\t\t\t<\/span>\n\t\t<\/div>\n\t\t\t\t\t\t<\/div>\n\t\t\t\t<\/div>\n\t\t\t\t<div class=\"elementor-element elementor-element-4f89c3a elementor-widget elementor-widget-menu-anchor\" data-id=\"4f89c3a\" data-element_type=\"widget\" data-e-type=\"widget\" data-widget_type=\"menu-anchor.default\">\n\t\t\t\t<div class=\"elementor-widget-container\">\n\t\t\t\t\t\t\t<div class=\"elementor-menu-anchor\" id=\"dokumentumok\"><\/div>\n\t\t\t\t\t\t<\/div>\n\t\t\t\t<\/div>\n\t\t\t\t<div class=\"elementor-element elementor-element-27294a06 elementor-widget elementor-widget-spacer\" data-id=\"27294a06\" data-element_type=\"widget\" data-e-type=\"widget\" data-widget_type=\"spacer.default\">\n\t\t\t\t<div class=\"elementor-widget-container\">\n\t\t\t\t\t\t\t<div class=\"elementor-spacer\">\n\t\t\t<div class=\"elementor-spacer-inner\"><\/div>\n\t\t<\/div>\n\t\t\t\t\t\t<\/div>\n\t\t\t\t<\/div>\n\t\t\t\t\t<\/div>\n\t\t<\/div>\n\t\t\t\t\t<\/div>\n\t\t<\/section>\n\t\t\t\t<\/div>\n\t\t","protected":false},"excerpt":{"rendered":"<p>\u00c1ltal\u00e1nos jellemz\u0151k Alkalmaz\u00e1si ter\u00fcletek K\u00e9rd\u00e9se van? K\u00f6zponti telefonsz\u00e1m: +36 36 416 616 Hangsterfer&#039;s ANTIWEAR 22 Cirkul\u00e1ci\u00f3s olaj \u00c1ltal\u00e1nos jellemz\u0151k A Hangsterfer Antiwear olajai k\u00e9tfunkci\u00f3s g\u00e9pi ken\u0151anyagok, amelyeket mind hidraulikus, mind ors\u00f3 ken\u00e9sre fejlesztettek ki, \u00edgy nincs sz\u00fcks\u00e9g a hidraulikus \u00e9s az ors\u00f3olajok haszn\u00e1lat\u00e1ra. Az Antiwear sorozat els\u0151dleges el\u0151nye, hogy nem emulge- \u00e1lnak v\u00edzben, \u00e9s ennek [&hellip;]<\/p>\n","protected":false},"author":1,"featured_media":0,"parent":1006,"menu_order":0,"comment_status":"closed","ping_status":"closed","template":"","meta":{"footnotes":""},"class_list":["post-1042","page","type-page","status-publish","hentry"],"_links":{"self":[{"href":"http:\/\/damat.hu\/en\/wp-json\/wp\/v2\/pages\/1042","targetHints":{"allow":["GET"]}}],"collection":[{"href":"http:\/\/damat.hu\/en\/wp-json\/wp\/v2\/pages"}],"about":[{"href":"http:\/\/damat.hu\/en\/wp-json\/wp\/v2\/types\/page"}],"author":[{"embeddable":true,"href":"http:\/\/damat.hu\/en\/wp-json\/wp\/v2\/users\/1"}],"replies":[{"embeddable":true,"href":"http:\/\/damat.hu\/en\/wp-json\/wp\/v2\/comments?post=1042"}],"version-history":[{"count":13,"href":"http:\/\/damat.hu\/en\/wp-json\/wp\/v2\/pages\/1042\/revisions"}],"predecessor-version":[{"id":1518,"href":"http:\/\/damat.hu\/en\/wp-json\/wp\/v2\/pages\/1042\/revisions\/1518"}],"up":[{"embeddable":true,"href":"http:\/\/damat.hu\/en\/wp-json\/wp\/v2\/pages\/1006"}],"wp:attachment":[{"href":"http:\/\/damat.hu\/en\/wp-json\/wp\/v2\/media?parent=1042"}],"curies":[{"name":"wp","href":"https:\/\/api.w.org\/{rel}","templated":true}]}}